{"id":793,"date":"2022-04-13T13:41:00","date_gmt":"2022-04-13T13:41:00","guid":{"rendered":"https:\/\/lollylookids.com\/?page_id=793"},"modified":"2022-04-14T16:41:13","modified_gmt":"2022-04-14T16:41:13","slug":"resellers","status":"publish","type":"page","link":"https:\/\/lollylookids.com\/en\/resellers\/","title":{"rendered":"Resellers"},"content":{"rendered":"[et_pb_section fb_built=&#8221;1&#8243; fullwidth=&#8221;on&#8221; _builder_version=&#8221;4.17.0&#8243; _module_preset=&#8221;default&#8221; global_colors_info=&#8221;{}&#8221;][et_pb_fullwidth_slider _builder_version=&#8221;4.17.0&#8243; _module_preset=&#8221;default&#8221; global_colors_info=&#8221;{}&#8221;][et_pb_slide heading=&#8221;Resellers&#8221; use_bg_overlay=&#8221;off&#8221; use_text_overlay=&#8221;on&#8221; _builder_version=&#8221;4.17.0&#8243; _module_preset=&#8221;default&#8221; header_font=&#8221;Abril Fatface|||on|||||&#8221; header_font_size=&#8221;60px&#8221; body_font=&#8221;Aclonica||||||||&#8221; body_font_size=&#8221;20px&#8221; background_image=&#8221;https:\/\/lollylookids.com\/wp-content\/uploads\/2022\/04\/rabbit-gcaab9d8ab_1920.jpg&#8221; background_enable_image=&#8221;on&#8221; header_font_size_tablet=&#8221;60px&#8221; header_font_size_phone=&#8221;30px&#8221; header_font_size_last_edited=&#8221;on|desktop&#8221; global_colors_info=&#8221;{}&#8221; sticky_transition=&#8221;on&#8221;]<p>Dicover our B2B offers<\/p>[\/et_pb_slide][\/et_pb_fullwidth_slider][\/et_pb_section][et_pb_section fb_built=&#8221;1&#8243; _builder_version=&#8221;4.17.0&#8243; _module_preset=&#8221;default&#8221; background_image=&#8221;https:\/\/lollylookids.com\/wp-content\/uploads\/2022\/03\/bg.png&#8221; global_colors_info=&#8221;{}&#8221;][et_pb_row _builder_version=&#8221;4.17.0&#8243; _module_preset=&#8221;default&#8221; global_colors_info=&#8221;{}&#8221;][et_pb_column type=&#8221;4_4&#8243; _builder_version=&#8221;4.17.0&#8243; _module_preset=&#8221;default&#8221; global_colors_info=&#8221;{}&#8221;][et_pb_text _builder_version=&#8221;4.17.0&#8243; _module_preset=&#8221;default&#8221; text_font=&#8221;Aclonica||||||||&#8221; text_font_size=&#8221;18px&#8221; header_font=&#8221;Abril Fatface||||||||&#8221; header_font_size=&#8221;50px&#8221; hover_enabled=&#8221;0&#8243; global_colors_info=&#8221;{}&#8221; sticky_enabled=&#8221;0&#8243;]<h1>Want to be a reseller?<\/h1>\n<p class=\" translation-block\">If you love our creations and want to sell them It's possible!<br>Find all our B2B offers on the platform of our partner Ankorstore.<\/p>\n<p>VISIT OUR ANKORSTORE PAGE<\/p>[\/et_pb_text][et_pb_button button_url=&#8221;https:\/\/www.ankorstore.com\/brand\/lollyloo-9848&#8243; url_new_window=&#8221;on&#8221; button_text=&#8221;Lollyloo Kids @ Ankorstore&#8221; button_alignment=&#8221;left&#8221; _builder_version=&#8221;4.17.0&#8243; _module_preset=&#8221;default&#8221; custom_button=&#8221;on&#8221; button_text_color=&#8221;#000000&#8243; button_bg_color=&#8221;#FFFFFF&#8221; button_icon=&#8221;&#x3d;||divi||400&#8243; button_on_hover=&#8221;off&#8221; global_colors_info=&#8221;{}&#8221;][\/et_pb_button][et_pb_text _builder_version=&#8221;4.17.0&#8243; _module_preset=&#8221;default&#8221; text_font=&#8221;Aclonica||||||||&#8221; text_font_size=&#8221;18px&#8221; header_font=&#8221;Abril Fatface||||||||&#8221; header_font_size=&#8221;50px&#8221; hover_enabled=&#8221;0&#8243; global_colors_info=&#8221;{}&#8221; sticky_enabled=&#8221;0&#8243;]<p>If you have any questions about our offer and our products, please do not hesitate to contact us:<\/p>\n<p><a href=\"mailto:office@pdconcept.ro\">office@pdconcept.ro<\/a> or +40721.216.689<\/p>[\/et_pb_text][\/et_pb_column][\/et_pb_row][\/et_pb_section]","protected":false},"excerpt":{"rendered":"<p>Descoper\u0103 ofertele noastre B2BVrei s\u0103 devii distribuitor? Dac\u0103 \u00ee\u021bi plac crea\u021biile noastre \u0219i vrei s\u0103 le vinzi, este posibil!G\u0103si\u021bi toate ofertele noastre B2B pe platforma Ankorstore. VIZITA\u021aI PAGINA NOASTRA PE ANKORSTOREDac\u0103 ave\u021bi \u00eentreb\u0103ri despre ofertele \u0219i produsele noastre, v\u0103 rug\u0103m s\u0103 nu ezita\u021bi s\u0103 ne contacta\u021bi: office@pdconcept.ro sau +40721.216.689<\/p>","protected":false},"author":1,"featured_media":0,"parent":0,"menu_order":0,"comment_status":"closed","ping_status":"closed","template":"","meta":{"_et_pb_use_builder":"on","_et_pb_old_content":"","_et_gb_content_width":"","footnotes":""},"class_list":["post-793","page","type-page","status-publish","hentry"],"yoast_head":"<!-- This site is optimized with the Yoast SEO plugin v20.2 - https:\/\/yoast.com\/wordpress\/plugins\/seo\/ -->\n<title>Kidsware Resellers @ Lollyloo Kids<\/title>\n<meta name=\"description\" content=\"Kidsware Resellers for Lollyloo. Find all our B2B offers\" \/>\n<meta name=\"robots\" content=\"index, follow, max-snippet:-1, max-image-preview:large, max-video-preview:-1\" \/>\n<link rel=\"canonical\" href=\"https:\/\/lollylookids.com\/en\/resellers\/\" \/>\n<meta property=\"og:locale\" content=\"en_GB\" \/>\n<meta property=\"og:type\" content=\"article\" \/>\n<meta property=\"og:title\" content=\"Kidsware Resellers @ Lollyloo Kids\" \/>\n<meta property=\"og:description\" content=\"Kidsware Resellers for Lollyloo. Find all our B2B offers\" \/>\n<meta property=\"og:url\" content=\"https:\/\/lollylookids.com\/en\/resellers\/\" \/>\n<meta property=\"og:site_name\" content=\"Lollyloo Kids\" \/>\n<meta property=\"article:modified_time\" content=\"2022-04-14T16:41:13+00:00\" \/>\n<meta name=\"twitter:card\" content=\"summary_large_image\" \/>\n<meta name=\"twitter:label1\" content=\"Estimated reading time\" \/>\n\t<meta name=\"twitter:data1\" content=\"1 minute\" \/>\n<script type=\"application\/ld+json\" class=\"yoast-schema-graph\">{\"@context\":\"https:\/\/schema.org\",\"@graph\":[{\"@type\":\"WebPage\",\"@id\":\"https:\/\/lollylookids.com\/resellers\/\",\"url\":\"https:\/\/lollylookids.com\/resellers\/\",\"name\":\"Kidsware Resellers @ Lollyloo Kids\",\"isPartOf\":{\"@id\":\"https:\/\/lollylookids.com\/#website\"},\"datePublished\":\"2022-04-13T13:41:00+00:00\",\"dateModified\":\"2022-04-14T16:41:13+00:00\",\"description\":\"Kidsware Resellers for Lollyloo. Find all our B2B offers\",\"breadcrumb\":{\"@id\":\"https:\/\/lollylookids.com\/resellers\/#breadcrumb\"},\"inLanguage\":\"en-GB\",\"potentialAction\":[{\"@type\":\"ReadAction\",\"target\":[\"https:\/\/lollylookids.com\/resellers\/\"]}]},{\"@type\":\"BreadcrumbList\",\"@id\":\"https:\/\/lollylookids.com\/resellers\/#breadcrumb\",\"itemListElement\":[{\"@type\":\"ListItem\",\"position\":1,\"name\":\"Prima pagin\u0103\",\"item\":\"https:\/\/lollylookids.com\/\"},{\"@type\":\"ListItem\",\"position\":2,\"name\":\"Resellers\"}]},{\"@type\":\"WebSite\",\"@id\":\"https:\/\/lollylookids.com\/#website\",\"url\":\"https:\/\/lollylookids.com\/\",\"name\":\"Lollyloo Kids\",\"description\":\"Fashion\",\"potentialAction\":[{\"@type\":\"SearchAction\",\"target\":{\"@type\":\"EntryPoint\",\"urlTemplate\":\"https:\/\/lollylookids.com\/?s={search_term_string}\"},\"query-input\":\"required name=search_term_string\"}],\"inLanguage\":\"en-GB\"}]}<\/script>\n<!-- \/ Yoast SEO plugin. -->","yoast_head_json":{"title":"Kidsware Resellers @ Lollyloo Kids","description":"Kidsware Resellers for Lollyloo. Find all our B2B offers","robots":{"index":"index","follow":"follow","max-snippet":"max-snippet:-1","max-image-preview":"max-image-preview:large","max-video-preview":"max-video-preview:-1"},"canonical":"https:\/\/lollylookids.com\/en\/resellers\/","og_locale":"en_GB","og_type":"article","og_title":"Kidsware Resellers @ Lollyloo Kids","og_description":"Kidsware Resellers for Lollyloo. Find all our B2B offers","og_url":"https:\/\/lollylookids.com\/en\/resellers\/","og_site_name":"Lollyloo Kids","article_modified_time":"2022-04-14T16:41:13+00:00","twitter_card":"summary_large_image","twitter_misc":{"Estimated reading time":"1 minute"},"schema":{"@context":"https:\/\/schema.org","@graph":[{"@type":"WebPage","@id":"https:\/\/lollylookids.com\/resellers\/","url":"https:\/\/lollylookids.com\/resellers\/","name":"Kidsware Resellers @ Lollyloo Kids","isPartOf":{"@id":"https:\/\/lollylookids.com\/#website"},"datePublished":"2022-04-13T13:41:00+00:00","dateModified":"2022-04-14T16:41:13+00:00","description":"Kidsware Resellers for Lollyloo. Find all our B2B offers","breadcrumb":{"@id":"https:\/\/lollylookids.com\/resellers\/#breadcrumb"},"inLanguage":"en-GB","potentialAction":[{"@type":"ReadAction","target":["https:\/\/lollylookids.com\/resellers\/"]}]},{"@type":"BreadcrumbList","@id":"https:\/\/lollylookids.com\/resellers\/#breadcrumb","itemListElement":[{"@type":"ListItem","position":1,"name":"Prima pagin\u0103","item":"https:\/\/lollylookids.com\/"},{"@type":"ListItem","position":2,"name":"Resellers"}]},{"@type":"WebSite","@id":"https:\/\/lollylookids.com\/#website","url":"https:\/\/lollylookids.com\/","name":"Lollyloo Kids","description":"Fashion","potentialAction":[{"@type":"SearchAction","target":{"@type":"EntryPoint","urlTemplate":"https:\/\/lollylookids.com\/?s={search_term_string}"},"query-input":"required name=search_term_string"}],"inLanguage":"en-GB"}]}},"_links":{"self":[{"href":"https:\/\/lollylookids.com\/en\/wp-json\/wp\/v2\/pages\/793","targetHints":{"allow":["GET"]}}],"collection":[{"href":"https:\/\/lollylookids.com\/en\/wp-json\/wp\/v2\/pages"}],"about":[{"href":"https:\/\/lollylookids.com\/en\/wp-json\/wp\/v2\/types\/page"}],"author":[{"embeddable":true,"href":"https:\/\/lollylookids.com\/en\/wp-json\/wp\/v2\/users\/1"}],"replies":[{"embeddable":true,"href":"https:\/\/lollylookids.com\/en\/wp-json\/wp\/v2\/comments?post=793"}],"version-history":[{"count":13,"href":"https:\/\/lollylookids.com\/en\/wp-json\/wp\/v2\/pages\/793\/revisions"}],"predecessor-version":[{"id":812,"href":"https:\/\/lollylookids.com\/en\/wp-json\/wp\/v2\/pages\/793\/revisions\/812"}],"wp:attachment":[{"href":"https:\/\/lollylookids.com\/en\/wp-json\/wp\/v2\/media?parent=793"}],"curies":[{"name":"wp","href":"https:\/\/api.w.org\/{rel}","templated":true}]}}