{"id":1049,"date":"2023-03-01T15:30:20","date_gmt":"2023-03-01T15:30:20","guid":{"rendered":"https:\/\/lollylookids.com\/?post_type=product&#038;p=1049"},"modified":"2023-03-01T15:32:19","modified_gmt":"2023-03-01T15:32:19","slug":"organic-cotton-knitted-blanket","status":"publish","type":"product","link":"https:\/\/lollylookids.com\/en\/product\/organic-cotton-knitted-blanket\/","title":{"rendered":"Organic Cotton Knitted Blanket"},"content":{"rendered":"","protected":false},"excerpt":{"rendered":"<p>A beautiful soft blanket for baby boys and girls. Knitted in soft organic cotton, it has a raised knitted centre with a fine knit border.<\/p>\n<p>Size: 107 cm x 70 cm<br \/>\nYarns: 100% organic cotton<br \/>\nHand wash<\/p>","protected":false},"featured_media":1056,"template":"","meta":{"_et_pb_use_builder":"","_et_pb_old_content":"","_et_gb_content_width":""},"product_cat":[38],"product_tag":[],"class_list":["post-1049","product","type-product","status-publish","has-post-thumbnail","hentry","product_cat-knitted-collection"],"yoast_head":"<!-- This site is optimized with the Yoast SEO plugin v20.2 - https:\/\/yoast.com\/wordpress\/plugins\/seo\/ -->\n<title>Organic Cotton Knitted Blanket - Lollyloo Kids<\/title>\n<meta name=\"robots\" content=\"index, follow, max-snippet:-1, max-image-preview:large, max-video-preview:-1\" \/>\n<link rel=\"canonical\" href=\"https:\/\/lollylookids.com\/en\/product\/organic-cotton-knitted-blanket\/\" \/>\n<meta property=\"og:locale\" content=\"en_GB\" \/>\n<meta property=\"og:type\" content=\"article\" \/>\n<meta property=\"og:title\" content=\"Organic Cotton Knitted Blanket - Lollyloo Kids\" \/>\n<meta property=\"og:description\" content=\"O p\u0103tur\u0103 moale, frumoas\u0103 pentru b\u0103ie\u021bi \u0219i fete. Tricotata din bumbac organic moale, are un centru tricotat \u00een relief cu o margine tricotat\u0103 fin\u0103.  Dimensiune 107 cm x 70 cm Fire: 100% bumbac organic Instruc\u021biuni de \u00eengrijire: sp\u0103lare manual\u0103\" \/>\n<meta property=\"og:url\" content=\"https:\/\/lollylookids.com\/en\/product\/organic-cotton-knitted-blanket\/\" \/>\n<meta property=\"og:site_name\" content=\"Lollyloo Kids\" \/>\n<meta property=\"article:modified_time\" content=\"2023-03-01T15:32:19+00:00\" \/>\n<meta property=\"og:image\" content=\"https:\/\/lollylookids.com\/wp-content\/uploads\/2023\/03\/paturi-2.jpg\" \/>\n\t<meta property=\"og:image:width\" content=\"1000\" \/>\n\t<meta property=\"og:image:height\" content=\"667\" \/>\n\t<meta property=\"og:image:type\" content=\"image\/jpeg\" \/>\n<meta name=\"twitter:card\" content=\"summary_large_image\" \/>\n<script type=\"application\/ld+json\" class=\"yoast-schema-graph\">{\"@context\":\"https:\/\/schema.org\",\"@graph\":[{\"@type\":\"WebPage\",\"@id\":\"https:\/\/lollylookids.com\/produs\/organic-cotton-knitted-blanket\/\",\"url\":\"https:\/\/lollylookids.com\/produs\/organic-cotton-knitted-blanket\/\",\"name\":\"Organic Cotton Knitted Blanket - Lollyloo Kids\",\"isPartOf\":{\"@id\":\"https:\/\/lollylookids.com\/#website\"},\"datePublished\":\"2023-03-01T15:30:20+00:00\",\"dateModified\":\"2023-03-01T15:32:19+00:00\",\"breadcrumb\":{\"@id\":\"https:\/\/lollylookids.com\/produs\/organic-cotton-knitted-blanket\/#breadcrumb\"},\"inLanguage\":\"en-GB\",\"potentialAction\":[{\"@type\":\"ReadAction\",\"target\":[\"https:\/\/lollylookids.com\/produs\/organic-cotton-knitted-blanket\/\"]}]},{\"@type\":\"BreadcrumbList\",\"@id\":\"https:\/\/lollylookids.com\/produs\/organic-cotton-knitted-blanket\/#breadcrumb\",\"itemListElement\":[{\"@type\":\"ListItem\",\"position\":1,\"name\":\"Prima pagin\u0103\",\"item\":\"https:\/\/lollylookids.com\/\"},{\"@type\":\"ListItem\",\"position\":2,\"name\":\"Colec\u021bii\",\"item\":\"https:\/\/lollylookids.com\/magazin\/\"},{\"@type\":\"ListItem\",\"position\":3,\"name\":\"Organic Cotton Knitted Blanket\"}]},{\"@type\":\"WebSite\",\"@id\":\"https:\/\/lollylookids.com\/#website\",\"url\":\"https:\/\/lollylookids.com\/\",\"name\":\"Lollyloo Kids\",\"description\":\"Fashion\",\"potentialAction\":[{\"@type\":\"SearchAction\",\"target\":{\"@type\":\"EntryPoint\",\"urlTemplate\":\"https:\/\/lollylookids.com\/?s={search_term_string}\"},\"query-input\":\"required name=search_term_string\"}],\"inLanguage\":\"en-GB\"}]}<\/script>\n<!-- \/ Yoast SEO plugin. -->","yoast_head_json":{"title":"Organic Cotton Knitted Blanket - Lollyloo Kids","robots":{"index":"index","follow":"follow","max-snippet":"max-snippet:-1","max-image-preview":"max-image-preview:large","max-video-preview":"max-video-preview:-1"},"canonical":"https:\/\/lollylookids.com\/en\/product\/organic-cotton-knitted-blanket\/","og_locale":"en_GB","og_type":"article","og_title":"Organic Cotton Knitted Blanket - Lollyloo Kids","og_description":"O p\u0103tur\u0103 moale, frumoas\u0103 pentru b\u0103ie\u021bi \u0219i fete. Tricotata din bumbac organic moale, are un centru tricotat \u00een relief cu o margine tricotat\u0103 fin\u0103.  Dimensiune 107 cm x 70 cm Fire: 100% bumbac organic Instruc\u021biuni de \u00eengrijire: sp\u0103lare manual\u0103","og_url":"https:\/\/lollylookids.com\/en\/product\/organic-cotton-knitted-blanket\/","og_site_name":"Lollyloo Kids","article_modified_time":"2023-03-01T15:32:19+00:00","og_image":[{"width":1000,"height":667,"url":"https:\/\/lollylookids.com\/wp-content\/uploads\/2023\/03\/paturi-2.jpg","type":"image\/jpeg"}],"twitter_card":"summary_large_image","schema":{"@context":"https:\/\/schema.org","@graph":[{"@type":"WebPage","@id":"https:\/\/lollylookids.com\/produs\/organic-cotton-knitted-blanket\/","url":"https:\/\/lollylookids.com\/produs\/organic-cotton-knitted-blanket\/","name":"Organic Cotton Knitted Blanket - Lollyloo Kids","isPartOf":{"@id":"https:\/\/lollylookids.com\/#website"},"datePublished":"2023-03-01T15:30:20+00:00","dateModified":"2023-03-01T15:32:19+00:00","breadcrumb":{"@id":"https:\/\/lollylookids.com\/produs\/organic-cotton-knitted-blanket\/#breadcrumb"},"inLanguage":"en-GB","potentialAction":[{"@type":"ReadAction","target":["https:\/\/lollylookids.com\/produs\/organic-cotton-knitted-blanket\/"]}]},{"@type":"BreadcrumbList","@id":"https:\/\/lollylookids.com\/produs\/organic-cotton-knitted-blanket\/#breadcrumb","itemListElement":[{"@type":"ListItem","position":1,"name":"Prima pagin\u0103","item":"https:\/\/lollylookids.com\/"},{"@type":"ListItem","position":2,"name":"Colec\u021bii","item":"https:\/\/lollylookids.com\/magazin\/"},{"@type":"ListItem","position":3,"name":"Organic Cotton Knitted Blanket"}]},{"@type":"WebSite","@id":"https:\/\/lollylookids.com\/#website","url":"https:\/\/lollylookids.com\/","name":"Lollyloo Kids","description":"Fashion","potentialAction":[{"@type":"SearchAction","target":{"@type":"EntryPoint","urlTemplate":"https:\/\/lollylookids.com\/?s={search_term_string}"},"query-input":"required name=search_term_string"}],"inLanguage":"en-GB"}]}},"_links":{"self":[{"href":"https:\/\/lollylookids.com\/en\/wp-json\/wp\/v2\/product\/1049","targetHints":{"allow":["GET"]}}],"collection":[{"href":"https:\/\/lollylookids.com\/en\/wp-json\/wp\/v2\/product"}],"about":[{"href":"https:\/\/lollylookids.com\/en\/wp-json\/wp\/v2\/types\/product"}],"wp:featuredmedia":[{"embeddable":true,"href":"https:\/\/lollylookids.com\/en\/wp-json\/wp\/v2\/media\/1056"}],"wp:attachment":[{"href":"https:\/\/lollylookids.com\/en\/wp-json\/wp\/v2\/media?parent=1049"}],"wp:term":[{"taxonomy":"product_cat","embeddable":true,"href":"https:\/\/lollylookids.com\/en\/wp-json\/wp\/v2\/product_cat?post=1049"},{"taxonomy":"product_tag","embeddable":true,"href":"https:\/\/lollylookids.com\/en\/wp-json\/wp\/v2\/product_tag?post=1049"}],"curies":[{"name":"wp","href":"https:\/\/api.w.org\/{rel}","templated":true}]}}