{"id":605,"date":"2022-03-19T07:56:27","date_gmt":"2022-03-19T07:56:27","guid":{"rendered":"https:\/\/lollylookids.com\/?post_type=product&#038;p=605"},"modified":"2022-03-30T13:18:13","modified_gmt":"2022-03-30T13:18:13","slug":"bluza-rose","status":"publish","type":"product","link":"https:\/\/lollylookids.com\/en\/product\/bluza-rose\/","title":{"rendered":"Rose Blouse"},"content":{"rendered":"","protected":false},"excerpt":{"rendered":"<p>Blouse, Smile Rose! - A wonderful blouse, with asymmetry on the right side, with a playful ruffle, for a fantastic look can accompany your little girl throughout the day. You can match it and create a wonderful set with Smile Coralie pants! or with the Smile Isidore! skirt.<br \/>\nCreate uniqueness every day for your little girl!<br \/>\nIt has a light, asymmetrical cut, with long sleeves, closed with a covered button, and is made of printed veil.<br \/>\nBasic fabric - printed veil 100% polyester<\/p>","protected":false},"featured_media":606,"template":"","meta":{"_et_pb_use_builder":"","_et_pb_old_content":"","_et_gb_content_width":""},"product_cat":[26],"product_tag":[],"class_list":["post-605","product","type-product","status-publish","has-post-thumbnail","hentry","product_cat-smile"],"yoast_head":"<!-- This site is optimized with the Yoast SEO plugin v20.2 - https:\/\/yoast.com\/wordpress\/plugins\/seo\/ -->\n<title>Bluz\u0103 Rose - Lollyloo Kids<\/title>\n<meta name=\"robots\" content=\"index, follow, max-snippet:-1, max-image-preview:large, max-video-preview:-1\" \/>\n<link rel=\"canonical\" href=\"https:\/\/lollylookids.com\/en\/product\/bluza-rose\/\" \/>\n<meta property=\"og:locale\" content=\"en_GB\" \/>\n<meta property=\"og:type\" content=\"article\" \/>\n<meta property=\"og:title\" content=\"Bluz\u0103 Rose - Lollyloo Kids\" \/>\n<meta property=\"og:description\" content=\"Bluza ,Smile Rose! \u2013 O minunat\u0103 bluzi\u021ba, cu asimetrie pe partea dreapt\u0103, cu vol\u0103nas juc\u0103u\u0219 , pentru un look fantastic poate inso\u021bi feti\u021ba ta pe tot parcursul zilei. O po\u021bi asorta \u0219i crea un minunat set cu pantalona\u0219ul Smile Coralie! sau cu fusti\u021ba Smile Isidore! Creeaz\u0103 unicitate \u00een fiecare zi pentru feti\u021ba ta! Are un croi in lejer, asimetric, cu m\u00e2nec\u0103 lung\u0103, inchis\u0103 cu nasture acoperit, \u0219i este realizt\u0103 din voal imprimat. \u021aes\u0103tura de baz\u0103 \u2013 voal imprimat 100% polyester\" \/>\n<meta property=\"og:url\" content=\"https:\/\/lollylookids.com\/en\/product\/bluza-rose\/\" \/>\n<meta property=\"og:site_name\" content=\"Lollyloo Kids\" \/>\n<meta property=\"article:modified_time\" content=\"2022-03-30T13:18:13+00:00\" \/>\n<meta property=\"og:image\" content=\"https:\/\/lollylookids.com\/wp-content\/uploads\/2022\/03\/Aida-Haine-copii-205-1.jpg\" \/>\n\t<meta property=\"og:image:width\" content=\"1500\" \/>\n\t<meta property=\"og:image:height\" content=\"1419\" \/>\n\t<meta property=\"og:image:type\" content=\"image\/jpeg\" \/>\n<meta name=\"twitter:card\" content=\"summary_large_image\" \/>\n<script type=\"application\/ld+json\" class=\"yoast-schema-graph\">{\"@context\":\"https:\/\/schema.org\",\"@graph\":[{\"@type\":\"WebPage\",\"@id\":\"https:\/\/lollylookids.com\/produs\/bluza-rose\/\",\"url\":\"https:\/\/lollylookids.com\/produs\/bluza-rose\/\",\"name\":\"Bluz\u0103 Rose - Lollyloo Kids\",\"isPartOf\":{\"@id\":\"https:\/\/lollylookids.com\/#website\"},\"datePublished\":\"2022-03-19T07:56:27+00:00\",\"dateModified\":\"2022-03-30T13:18:13+00:00\",\"breadcrumb\":{\"@id\":\"https:\/\/lollylookids.com\/produs\/bluza-rose\/#breadcrumb\"},\"inLanguage\":\"en-GB\",\"potentialAction\":[{\"@type\":\"ReadAction\",\"target\":[\"https:\/\/lollylookids.com\/produs\/bluza-rose\/\"]}]},{\"@type\":\"BreadcrumbList\",\"@id\":\"https:\/\/lollylookids.com\/produs\/bluza-rose\/#breadcrumb\",\"itemListElement\":[{\"@type\":\"ListItem\",\"position\":1,\"name\":\"Prima pagin\u0103\",\"item\":\"https:\/\/lollylookids.com\/\"},{\"@type\":\"ListItem\",\"position\":2,\"name\":\"Colec\u021bii\",\"item\":\"https:\/\/lollylookids.com\/magazin\/\"},{\"@type\":\"ListItem\",\"position\":3,\"name\":\"Bluz\u0103 Rose\"}]},{\"@type\":\"WebSite\",\"@id\":\"https:\/\/lollylookids.com\/#website\",\"url\":\"https:\/\/lollylookids.com\/\",\"name\":\"Lollyloo Kids\",\"description\":\"Fashion\",\"potentialAction\":[{\"@type\":\"SearchAction\",\"target\":{\"@type\":\"EntryPoint\",\"urlTemplate\":\"https:\/\/lollylookids.com\/?s={search_term_string}\"},\"query-input\":\"required name=search_term_string\"}],\"inLanguage\":\"en-GB\"}]}<\/script>\n<!-- \/ Yoast SEO plugin. -->","yoast_head_json":{"title":"Bluz\u0103 Rose - Lollyloo Kids","robots":{"index":"index","follow":"follow","max-snippet":"max-snippet:-1","max-image-preview":"max-image-preview:large","max-video-preview":"max-video-preview:-1"},"canonical":"https:\/\/lollylookids.com\/en\/product\/bluza-rose\/","og_locale":"en_GB","og_type":"article","og_title":"Bluz\u0103 Rose - Lollyloo Kids","og_description":"Bluza ,Smile Rose! \u2013 O minunat\u0103 bluzi\u021ba, cu asimetrie pe partea dreapt\u0103, cu vol\u0103nas juc\u0103u\u0219 , pentru un look fantastic poate inso\u021bi feti\u021ba ta pe tot parcursul zilei. O po\u021bi asorta \u0219i crea un minunat set cu pantalona\u0219ul Smile Coralie! sau cu fusti\u021ba Smile Isidore! Creeaz\u0103 unicitate \u00een fiecare zi pentru feti\u021ba ta! Are un croi in lejer, asimetric, cu m\u00e2nec\u0103 lung\u0103, inchis\u0103 cu nasture acoperit, \u0219i este realizt\u0103 din voal imprimat. \u021aes\u0103tura de baz\u0103 \u2013 voal imprimat 100% polyester","og_url":"https:\/\/lollylookids.com\/en\/product\/bluza-rose\/","og_site_name":"Lollyloo Kids","article_modified_time":"2022-03-30T13:18:13+00:00","og_image":[{"width":1500,"height":1419,"url":"https:\/\/lollylookids.com\/wp-content\/uploads\/2022\/03\/Aida-Haine-copii-205-1.jpg","type":"image\/jpeg"}],"twitter_card":"summary_large_image","schema":{"@context":"https:\/\/schema.org","@graph":[{"@type":"WebPage","@id":"https:\/\/lollylookids.com\/produs\/bluza-rose\/","url":"https:\/\/lollylookids.com\/produs\/bluza-rose\/","name":"Bluz\u0103 Rose - Lollyloo Kids","isPartOf":{"@id":"https:\/\/lollylookids.com\/#website"},"datePublished":"2022-03-19T07:56:27+00:00","dateModified":"2022-03-30T13:18:13+00:00","breadcrumb":{"@id":"https:\/\/lollylookids.com\/produs\/bluza-rose\/#breadcrumb"},"inLanguage":"en-GB","potentialAction":[{"@type":"ReadAction","target":["https:\/\/lollylookids.com\/produs\/bluza-rose\/"]}]},{"@type":"BreadcrumbList","@id":"https:\/\/lollylookids.com\/produs\/bluza-rose\/#breadcrumb","itemListElement":[{"@type":"ListItem","position":1,"name":"Prima pagin\u0103","item":"https:\/\/lollylookids.com\/"},{"@type":"ListItem","position":2,"name":"Colec\u021bii","item":"https:\/\/lollylookids.com\/magazin\/"},{"@type":"ListItem","position":3,"name":"Bluz\u0103 Rose"}]},{"@type":"WebSite","@id":"https:\/\/lollylookids.com\/#website","url":"https:\/\/lollylookids.com\/","name":"Lollyloo Kids","description":"Fashion","potentialAction":[{"@type":"SearchAction","target":{"@type":"EntryPoint","urlTemplate":"https:\/\/lollylookids.com\/?s={search_term_string}"},"query-input":"required name=search_term_string"}],"inLanguage":"en-GB"}]}},"_links":{"self":[{"href":"https:\/\/lollylookids.com\/en\/wp-json\/wp\/v2\/product\/605","targetHints":{"allow":["GET"]}}],"collection":[{"href":"https:\/\/lollylookids.com\/en\/wp-json\/wp\/v2\/product"}],"about":[{"href":"https:\/\/lollylookids.com\/en\/wp-json\/wp\/v2\/types\/product"}],"wp:featuredmedia":[{"embeddable":true,"href":"https:\/\/lollylookids.com\/en\/wp-json\/wp\/v2\/media\/606"}],"wp:attachment":[{"href":"https:\/\/lollylookids.com\/en\/wp-json\/wp\/v2\/media?parent=605"}],"wp:term":[{"taxonomy":"product_cat","embeddable":true,"href":"https:\/\/lollylookids.com\/en\/wp-json\/wp\/v2\/product_cat?post=605"},{"taxonomy":"product_tag","embeddable":true,"href":"https:\/\/lollylookids.com\/en\/wp-json\/wp\/v2\/product_tag?post=605"}],"curies":[{"name":"wp","href":"https:\/\/api.w.org\/{rel}","templated":true}]}}