{"id":699,"date":"2022-03-21T09:51:34","date_gmt":"2022-03-21T09:51:34","guid":{"rendered":"https:\/\/lollylookids.com\/?post_type=product&#038;p=699"},"modified":"2022-03-30T13:17:25","modified_gmt":"2022-03-30T13:17:25","slug":"culottes-aiada","status":"publish","type":"product","link":"https:\/\/lollylookids.com\/en\/product\/culottes-aiada\/","title":{"rendered":"Culottes Aiada"},"content":{"rendered":"","protected":false},"excerpt":{"rendered":"<p>Culottes, Smile Aiada! - A wonderful knee-length pants, powder pink and contrasting lining at the back pockets, can accompany your little girl throughout the day. You can match them and create a wonderful set with the Smile Sophie! blouse create uniqueness in the day car for your little girl!<\/p>\n<p>It has a light cut, zippered, contrasting detail on the back pockets and slit on the side seam at the end, it is made of cord lace and lined.<br \/>\nBasic fabric - lace code 100% polyester<br \/>\nThe lining- 100% viscose<\/p>","protected":false},"featured_media":706,"template":"","meta":{"_et_pb_use_builder":"","_et_pb_old_content":"","_et_gb_content_width":""},"product_cat":[26],"product_tag":[],"class_list":["post-699","product","type-product","status-publish","has-post-thumbnail","hentry","product_cat-smile"],"yoast_head":"<!-- This site is optimized with the Yoast SEO plugin v20.2 - https:\/\/yoast.com\/wordpress\/plugins\/seo\/ -->\n<title>Culottes Aiada - Lollyloo Kids<\/title>\n<meta name=\"robots\" content=\"index, follow, max-snippet:-1, max-image-preview:large, max-video-preview:-1\" \/>\n<link rel=\"canonical\" href=\"https:\/\/lollylookids.com\/en\/product\/culottes-aiada\/\" \/>\n<meta property=\"og:locale\" content=\"en_GB\" \/>\n<meta property=\"og:type\" content=\"article\" \/>\n<meta property=\"og:title\" content=\"Culottes Aiada - Lollyloo Kids\" \/>\n<meta property=\"og:description\" content=\"Culottes ,Smile Aiada! \u2013 Un minunat pantalona\u0219 cu lungimea p\u00e2na la ghenunchi, de culoarea roz pudrat si garnitur\u0103 \u00een contrast la buzunarele din spate, poate inso\u021bi feti\u021ba ta pe tot parcurusul zilei. \u00cei po\u021bi asorta \u0219i crea un minunat set cu bluzi\u021ba Smile Sophie! creeaz\u0103 unicitate \u00een fiacre zi pentru feti\u021ba ta!  Are un croi in lejer, inchis cu fermoar, detaliu \u00een contrast la buzunarele din spate \u0219i \u0219lit pe cus\u0103tura lateral\u0103 la termina\u021bie, este din dantela cord si c\u0103ptu\u0219it. \u021aes\u0103tura de baz\u0103 \u2013 dantela cod 100% polyester C\u0103ptu\u0219eal\u0103 \u2013 100% viscose\" \/>\n<meta property=\"og:url\" content=\"https:\/\/lollylookids.com\/en\/product\/culottes-aiada\/\" \/>\n<meta property=\"og:site_name\" content=\"Lollyloo Kids\" \/>\n<meta property=\"article:modified_time\" content=\"2022-03-30T13:17:25+00:00\" \/>\n<meta property=\"og:image\" content=\"https:\/\/lollylookids.com\/wp-content\/uploads\/2022\/03\/Aida-Haine-copii-297.jpg\" \/>\n\t<meta property=\"og:image:width\" content=\"1500\" \/>\n\t<meta property=\"og:image:height\" content=\"2248\" \/>\n\t<meta property=\"og:image:type\" content=\"image\/jpeg\" \/>\n<meta name=\"twitter:card\" content=\"summary_large_image\" \/>\n<script type=\"application\/ld+json\" class=\"yoast-schema-graph\">{\"@context\":\"https:\/\/schema.org\",\"@graph\":[{\"@type\":\"WebPage\",\"@id\":\"https:\/\/lollylookids.com\/produs\/culottes-aiada\/\",\"url\":\"https:\/\/lollylookids.com\/produs\/culottes-aiada\/\",\"name\":\"Culottes Aiada - Lollyloo Kids\",\"isPartOf\":{\"@id\":\"https:\/\/lollylookids.com\/#website\"},\"datePublished\":\"2022-03-21T09:51:34+00:00\",\"dateModified\":\"2022-03-30T13:17:25+00:00\",\"breadcrumb\":{\"@id\":\"https:\/\/lollylookids.com\/produs\/culottes-aiada\/#breadcrumb\"},\"inLanguage\":\"en-GB\",\"potentialAction\":[{\"@type\":\"ReadAction\",\"target\":[\"https:\/\/lollylookids.com\/produs\/culottes-aiada\/\"]}]},{\"@type\":\"BreadcrumbList\",\"@id\":\"https:\/\/lollylookids.com\/produs\/culottes-aiada\/#breadcrumb\",\"itemListElement\":[{\"@type\":\"ListItem\",\"position\":1,\"name\":\"Prima pagin\u0103\",\"item\":\"https:\/\/lollylookids.com\/\"},{\"@type\":\"ListItem\",\"position\":2,\"name\":\"Colec\u021bii\",\"item\":\"https:\/\/lollylookids.com\/magazin\/\"},{\"@type\":\"ListItem\",\"position\":3,\"name\":\"Culottes Aiada\"}]},{\"@type\":\"WebSite\",\"@id\":\"https:\/\/lollylookids.com\/#website\",\"url\":\"https:\/\/lollylookids.com\/\",\"name\":\"Lollyloo Kids\",\"description\":\"Fashion\",\"potentialAction\":[{\"@type\":\"SearchAction\",\"target\":{\"@type\":\"EntryPoint\",\"urlTemplate\":\"https:\/\/lollylookids.com\/?s={search_term_string}\"},\"query-input\":\"required name=search_term_string\"}],\"inLanguage\":\"en-GB\"}]}<\/script>\n<!-- \/ Yoast SEO plugin. -->","yoast_head_json":{"title":"Culottes Aiada - Lollyloo Kids","robots":{"index":"index","follow":"follow","max-snippet":"max-snippet:-1","max-image-preview":"max-image-preview:large","max-video-preview":"max-video-preview:-1"},"canonical":"https:\/\/lollylookids.com\/en\/product\/culottes-aiada\/","og_locale":"en_GB","og_type":"article","og_title":"Culottes Aiada - Lollyloo Kids","og_description":"Culottes ,Smile Aiada! \u2013 Un minunat pantalona\u0219 cu lungimea p\u00e2na la ghenunchi, de culoarea roz pudrat si garnitur\u0103 \u00een contrast la buzunarele din spate, poate inso\u021bi feti\u021ba ta pe tot parcurusul zilei. \u00cei po\u021bi asorta \u0219i crea un minunat set cu bluzi\u021ba Smile Sophie! creeaz\u0103 unicitate \u00een fiacre zi pentru feti\u021ba ta!  Are un croi in lejer, inchis cu fermoar, detaliu \u00een contrast la buzunarele din spate \u0219i \u0219lit pe cus\u0103tura lateral\u0103 la termina\u021bie, este din dantela cord si c\u0103ptu\u0219it. \u021aes\u0103tura de baz\u0103 \u2013 dantela cod 100% polyester C\u0103ptu\u0219eal\u0103 \u2013 100% viscose","og_url":"https:\/\/lollylookids.com\/en\/product\/culottes-aiada\/","og_site_name":"Lollyloo Kids","article_modified_time":"2022-03-30T13:17:25+00:00","og_image":[{"width":1500,"height":2248,"url":"https:\/\/lollylookids.com\/wp-content\/uploads\/2022\/03\/Aida-Haine-copii-297.jpg","type":"image\/jpeg"}],"twitter_card":"summary_large_image","schema":{"@context":"https:\/\/schema.org","@graph":[{"@type":"WebPage","@id":"https:\/\/lollylookids.com\/produs\/culottes-aiada\/","url":"https:\/\/lollylookids.com\/produs\/culottes-aiada\/","name":"Culottes Aiada - Lollyloo Kids","isPartOf":{"@id":"https:\/\/lollylookids.com\/#website"},"datePublished":"2022-03-21T09:51:34+00:00","dateModified":"2022-03-30T13:17:25+00:00","breadcrumb":{"@id":"https:\/\/lollylookids.com\/produs\/culottes-aiada\/#breadcrumb"},"inLanguage":"en-GB","potentialAction":[{"@type":"ReadAction","target":["https:\/\/lollylookids.com\/produs\/culottes-aiada\/"]}]},{"@type":"BreadcrumbList","@id":"https:\/\/lollylookids.com\/produs\/culottes-aiada\/#breadcrumb","itemListElement":[{"@type":"ListItem","position":1,"name":"Prima pagin\u0103","item":"https:\/\/lollylookids.com\/"},{"@type":"ListItem","position":2,"name":"Colec\u021bii","item":"https:\/\/lollylookids.com\/magazin\/"},{"@type":"ListItem","position":3,"name":"Culottes Aiada"}]},{"@type":"WebSite","@id":"https:\/\/lollylookids.com\/#website","url":"https:\/\/lollylookids.com\/","name":"Lollyloo Kids","description":"Fashion","potentialAction":[{"@type":"SearchAction","target":{"@type":"EntryPoint","urlTemplate":"https:\/\/lollylookids.com\/?s={search_term_string}"},"query-input":"required name=search_term_string"}],"inLanguage":"en-GB"}]}},"_links":{"self":[{"href":"https:\/\/lollylookids.com\/en\/wp-json\/wp\/v2\/product\/699","targetHints":{"allow":["GET"]}}],"collection":[{"href":"https:\/\/lollylookids.com\/en\/wp-json\/wp\/v2\/product"}],"about":[{"href":"https:\/\/lollylookids.com\/en\/wp-json\/wp\/v2\/types\/product"}],"wp:featuredmedia":[{"embeddable":true,"href":"https:\/\/lollylookids.com\/en\/wp-json\/wp\/v2\/media\/706"}],"wp:attachment":[{"href":"https:\/\/lollylookids.com\/en\/wp-json\/wp\/v2\/media?parent=699"}],"wp:term":[{"taxonomy":"product_cat","embeddable":true,"href":"https:\/\/lollylookids.com\/en\/wp-json\/wp\/v2\/product_cat?post=699"},{"taxonomy":"product_tag","embeddable":true,"href":"https:\/\/lollylookids.com\/en\/wp-json\/wp\/v2\/product_tag?post=699"}],"curies":[{"name":"wp","href":"https:\/\/api.w.org\/{rel}","templated":true}]}}