{"id":847,"date":"2023-02-05T15:14:22","date_gmt":"2023-02-05T15:14:22","guid":{"rendered":"https:\/\/lollylookids.com\/?post_type=product&#038;p=847"},"modified":"2023-02-05T15:19:03","modified_gmt":"2023-02-05T15:19:03","slug":"pulover-alex","status":"publish","type":"product","link":"https:\/\/lollylookids.com\/en\/product\/pulover-alex\/","title":{"rendered":"Alex Sweater"},"content":{"rendered":"","protected":false},"excerpt":{"rendered":"<p>The Alex sweater from Lollyloo is a cozy and charming addition to your little girl's winter wardrobe. The knitted style features stripes in two colors that can be approached in different outfits.<\/p>\n<p>Yarns: 100% organic cotton<br \/>\nHand wash<\/p>","protected":false},"featured_media":854,"template":"","meta":{"_et_pb_use_builder":"","_et_pb_old_content":"","_et_gb_content_width":""},"product_cat":[38],"product_tag":[],"class_list":["post-847","product","type-product","status-publish","has-post-thumbnail","hentry","product_cat-knitted-collection"],"yoast_head":"<!-- This site is optimized with the Yoast SEO plugin v20.2 - https:\/\/yoast.com\/wordpress\/plugins\/seo\/ -->\n<title>Pulover Alex - Lollyloo Kids<\/title>\n<meta name=\"robots\" content=\"index, follow, max-snippet:-1, max-image-preview:large, max-video-preview:-1\" \/>\n<link rel=\"canonical\" href=\"https:\/\/lollylookids.com\/en\/product\/pulover-alex\/\" \/>\n<meta property=\"og:locale\" content=\"en_GB\" \/>\n<meta property=\"og:type\" content=\"article\" \/>\n<meta property=\"og:title\" content=\"Pulover Alex - Lollyloo Kids\" \/>\n<meta property=\"og:description\" content=\"Puloverul Alex de la Lollyloo, este un plus confortabil \u0219i fermec\u0103tor \u00een garderoba de iarn\u0103 a fetitei tale. Stilul tricotat prezinta dungi in doua culori care pot fi abordate in diferite tinute.  Fire: 100% bumbac organic Instruc\u021biuni de \u00eengrijire: sp\u0103lare manual\u0103\" \/>\n<meta property=\"og:url\" content=\"https:\/\/lollylookids.com\/en\/product\/pulover-alex\/\" \/>\n<meta property=\"og:site_name\" content=\"Lollyloo Kids\" \/>\n<meta property=\"article:modified_time\" content=\"2023-02-05T15:19:03+00:00\" \/>\n<meta property=\"og:image\" content=\"https:\/\/lollylookids.com\/wp-content\/uploads\/2023\/02\/30-01-2023-Aida-72.jpg\" \/>\n\t<meta property=\"og:image:width\" content=\"1500\" \/>\n\t<meta property=\"og:image:height\" content=\"2248\" \/>\n\t<meta property=\"og:image:type\" content=\"image\/jpeg\" \/>\n<meta name=\"twitter:card\" content=\"summary_large_image\" \/>\n<script type=\"application\/ld+json\" class=\"yoast-schema-graph\">{\"@context\":\"https:\/\/schema.org\",\"@graph\":[{\"@type\":\"WebPage\",\"@id\":\"https:\/\/lollylookids.com\/produs\/pulover-alex\/\",\"url\":\"https:\/\/lollylookids.com\/produs\/pulover-alex\/\",\"name\":\"Pulover Alex - Lollyloo Kids\",\"isPartOf\":{\"@id\":\"https:\/\/lollylookids.com\/#website\"},\"datePublished\":\"2023-02-05T15:14:22+00:00\",\"dateModified\":\"2023-02-05T15:19:03+00:00\",\"breadcrumb\":{\"@id\":\"https:\/\/lollylookids.com\/produs\/pulover-alex\/#breadcrumb\"},\"inLanguage\":\"en-GB\",\"potentialAction\":[{\"@type\":\"ReadAction\",\"target\":[\"https:\/\/lollylookids.com\/produs\/pulover-alex\/\"]}]},{\"@type\":\"BreadcrumbList\",\"@id\":\"https:\/\/lollylookids.com\/produs\/pulover-alex\/#breadcrumb\",\"itemListElement\":[{\"@type\":\"ListItem\",\"position\":1,\"name\":\"Prima pagin\u0103\",\"item\":\"https:\/\/lollylookids.com\/\"},{\"@type\":\"ListItem\",\"position\":2,\"name\":\"Colec\u021bii\",\"item\":\"https:\/\/lollylookids.com\/magazin\/\"},{\"@type\":\"ListItem\",\"position\":3,\"name\":\"Pulover Alex\"}]},{\"@type\":\"WebSite\",\"@id\":\"https:\/\/lollylookids.com\/#website\",\"url\":\"https:\/\/lollylookids.com\/\",\"name\":\"Lollyloo Kids\",\"description\":\"Fashion\",\"potentialAction\":[{\"@type\":\"SearchAction\",\"target\":{\"@type\":\"EntryPoint\",\"urlTemplate\":\"https:\/\/lollylookids.com\/?s={search_term_string}\"},\"query-input\":\"required name=search_term_string\"}],\"inLanguage\":\"en-GB\"}]}<\/script>\n<!-- \/ Yoast SEO plugin. -->","yoast_head_json":{"title":"Pulover Alex - Lollyloo Kids","robots":{"index":"index","follow":"follow","max-snippet":"max-snippet:-1","max-image-preview":"max-image-preview:large","max-video-preview":"max-video-preview:-1"},"canonical":"https:\/\/lollylookids.com\/en\/product\/pulover-alex\/","og_locale":"en_GB","og_type":"article","og_title":"Pulover Alex - Lollyloo Kids","og_description":"Puloverul Alex de la Lollyloo, este un plus confortabil \u0219i fermec\u0103tor \u00een garderoba de iarn\u0103 a fetitei tale. Stilul tricotat prezinta dungi in doua culori care pot fi abordate in diferite tinute.  Fire: 100% bumbac organic Instruc\u021biuni de \u00eengrijire: sp\u0103lare manual\u0103","og_url":"https:\/\/lollylookids.com\/en\/product\/pulover-alex\/","og_site_name":"Lollyloo Kids","article_modified_time":"2023-02-05T15:19:03+00:00","og_image":[{"width":1500,"height":2248,"url":"https:\/\/lollylookids.com\/wp-content\/uploads\/2023\/02\/30-01-2023-Aida-72.jpg","type":"image\/jpeg"}],"twitter_card":"summary_large_image","schema":{"@context":"https:\/\/schema.org","@graph":[{"@type":"WebPage","@id":"https:\/\/lollylookids.com\/produs\/pulover-alex\/","url":"https:\/\/lollylookids.com\/produs\/pulover-alex\/","name":"Pulover Alex - Lollyloo Kids","isPartOf":{"@id":"https:\/\/lollylookids.com\/#website"},"datePublished":"2023-02-05T15:14:22+00:00","dateModified":"2023-02-05T15:19:03+00:00","breadcrumb":{"@id":"https:\/\/lollylookids.com\/produs\/pulover-alex\/#breadcrumb"},"inLanguage":"en-GB","potentialAction":[{"@type":"ReadAction","target":["https:\/\/lollylookids.com\/produs\/pulover-alex\/"]}]},{"@type":"BreadcrumbList","@id":"https:\/\/lollylookids.com\/produs\/pulover-alex\/#breadcrumb","itemListElement":[{"@type":"ListItem","position":1,"name":"Prima pagin\u0103","item":"https:\/\/lollylookids.com\/"},{"@type":"ListItem","position":2,"name":"Colec\u021bii","item":"https:\/\/lollylookids.com\/magazin\/"},{"@type":"ListItem","position":3,"name":"Pulover Alex"}]},{"@type":"WebSite","@id":"https:\/\/lollylookids.com\/#website","url":"https:\/\/lollylookids.com\/","name":"Lollyloo Kids","description":"Fashion","potentialAction":[{"@type":"SearchAction","target":{"@type":"EntryPoint","urlTemplate":"https:\/\/lollylookids.com\/?s={search_term_string}"},"query-input":"required name=search_term_string"}],"inLanguage":"en-GB"}]}},"_links":{"self":[{"href":"https:\/\/lollylookids.com\/en\/wp-json\/wp\/v2\/product\/847","targetHints":{"allow":["GET"]}}],"collection":[{"href":"https:\/\/lollylookids.com\/en\/wp-json\/wp\/v2\/product"}],"about":[{"href":"https:\/\/lollylookids.com\/en\/wp-json\/wp\/v2\/types\/product"}],"wp:featuredmedia":[{"embeddable":true,"href":"https:\/\/lollylookids.com\/en\/wp-json\/wp\/v2\/media\/854"}],"wp:attachment":[{"href":"https:\/\/lollylookids.com\/en\/wp-json\/wp\/v2\/media?parent=847"}],"wp:term":[{"taxonomy":"product_cat","embeddable":true,"href":"https:\/\/lollylookids.com\/en\/wp-json\/wp\/v2\/product_cat?post=847"},{"taxonomy":"product_tag","embeddable":true,"href":"https:\/\/lollylookids.com\/en\/wp-json\/wp\/v2\/product_tag?post=847"}],"curies":[{"name":"wp","href":"https:\/\/api.w.org\/{rel}","templated":true}]}}