{"id":991,"date":"2023-02-06T07:40:39","date_gmt":"2023-02-06T07:40:39","guid":{"rendered":"https:\/\/lollylookids.com\/?post_type=product&#038;p=991"},"modified":"2023-02-06T07:42:39","modified_gmt":"2023-02-06T07:42:39","slug":"rochie-blue-bell","status":"publish","type":"product","link":"https:\/\/lollylookids.com\/en\/product\/rochie-blue-bell\/","title":{"rendered":"Blue Bell Dress"},"content":{"rendered":"","protected":false},"excerpt":{"rendered":"<p>The Blue Bell dress from Lollyloo approaches the playful style of children. Inspired by the shape of the bells, it is completed with oversized ruffles on the sleeves and hem, making an inspired choice for your little girl.<\/p>\n<p>Fabric: tencel<br \/>\nCare instructions: wash at 30 degrees<\/p>","protected":false},"featured_media":998,"template":"","meta":{"_et_pb_use_builder":"off","_et_pb_old_content":"","_et_gb_content_width":""},"product_cat":[39],"product_tag":[],"class_list":["post-991","product","type-product","status-publish","has-post-thumbnail","hentry","product_cat-summer-vibe"],"yoast_head":"<!-- This site is optimized with the Yoast SEO plugin v20.2 - https:\/\/yoast.com\/wordpress\/plugins\/seo\/ -->\n<title>Rochie Blue Bell - Lollyloo Kids<\/title>\n<meta name=\"robots\" content=\"index, follow, max-snippet:-1, max-image-preview:large, max-video-preview:-1\" \/>\n<link rel=\"canonical\" href=\"https:\/\/lollylookids.com\/en\/product\/rochie-blue-bell\/\" \/>\n<meta property=\"og:locale\" content=\"en_GB\" \/>\n<meta property=\"og:type\" content=\"article\" \/>\n<meta property=\"og:title\" content=\"Rochie Blue Bell - Lollyloo Kids\" \/>\n<meta property=\"og:description\" content=\"Rochia Blue Bell de la Lollyloo abordeaza stilul jucaus al copiilor. Inspirat de forma clopo\u021belului, este completat cu volane supradimensionate pe m\u00e2neci \u0219i tiv, f\u0103c\u00e2nd o alegere inspirat\u0103 pentru feti\u021ba ta.  \u021aes\u0103tur\u0103: tencel Instruc\u021biuni de \u00eengrijire: se spal\u0103 la 30 de grade\" \/>\n<meta property=\"og:url\" content=\"https:\/\/lollylookids.com\/en\/product\/rochie-blue-bell\/\" \/>\n<meta property=\"og:site_name\" content=\"Lollyloo Kids\" \/>\n<meta property=\"article:modified_time\" content=\"2023-02-06T07:42:39+00:00\" \/>\n<meta property=\"og:image\" content=\"https:\/\/lollylookids.com\/wp-content\/uploads\/2023\/02\/30-01-2023-Aida-163.jpg\" \/>\n\t<meta property=\"og:image:width\" content=\"1000\" \/>\n\t<meta property=\"og:image:height\" content=\"1498\" \/>\n\t<meta property=\"og:image:type\" content=\"image\/jpeg\" \/>\n<meta name=\"twitter:card\" content=\"summary_large_image\" \/>\n<script type=\"application\/ld+json\" class=\"yoast-schema-graph\">{\"@context\":\"https:\/\/schema.org\",\"@graph\":[{\"@type\":\"WebPage\",\"@id\":\"https:\/\/lollylookids.com\/produs\/rochie-blue-bell\/\",\"url\":\"https:\/\/lollylookids.com\/produs\/rochie-blue-bell\/\",\"name\":\"Rochie Blue Bell - Lollyloo Kids\",\"isPartOf\":{\"@id\":\"https:\/\/lollylookids.com\/#website\"},\"datePublished\":\"2023-02-06T07:40:39+00:00\",\"dateModified\":\"2023-02-06T07:42:39+00:00\",\"breadcrumb\":{\"@id\":\"https:\/\/lollylookids.com\/produs\/rochie-blue-bell\/#breadcrumb\"},\"inLanguage\":\"en-GB\",\"potentialAction\":[{\"@type\":\"ReadAction\",\"target\":[\"https:\/\/lollylookids.com\/produs\/rochie-blue-bell\/\"]}]},{\"@type\":\"BreadcrumbList\",\"@id\":\"https:\/\/lollylookids.com\/produs\/rochie-blue-bell\/#breadcrumb\",\"itemListElement\":[{\"@type\":\"ListItem\",\"position\":1,\"name\":\"Prima pagin\u0103\",\"item\":\"https:\/\/lollylookids.com\/\"},{\"@type\":\"ListItem\",\"position\":2,\"name\":\"Colec\u021bii\",\"item\":\"https:\/\/lollylookids.com\/magazin\/\"},{\"@type\":\"ListItem\",\"position\":3,\"name\":\"Rochie Blue Bell\"}]},{\"@type\":\"WebSite\",\"@id\":\"https:\/\/lollylookids.com\/#website\",\"url\":\"https:\/\/lollylookids.com\/\",\"name\":\"Lollyloo Kids\",\"description\":\"Fashion\",\"potentialAction\":[{\"@type\":\"SearchAction\",\"target\":{\"@type\":\"EntryPoint\",\"urlTemplate\":\"https:\/\/lollylookids.com\/?s={search_term_string}\"},\"query-input\":\"required name=search_term_string\"}],\"inLanguage\":\"en-GB\"}]}<\/script>\n<!-- \/ Yoast SEO plugin. -->","yoast_head_json":{"title":"Rochie Blue Bell - Lollyloo Kids","robots":{"index":"index","follow":"follow","max-snippet":"max-snippet:-1","max-image-preview":"max-image-preview:large","max-video-preview":"max-video-preview:-1"},"canonical":"https:\/\/lollylookids.com\/en\/product\/rochie-blue-bell\/","og_locale":"en_GB","og_type":"article","og_title":"Rochie Blue Bell - Lollyloo Kids","og_description":"Rochia Blue Bell de la Lollyloo abordeaza stilul jucaus al copiilor. Inspirat de forma clopo\u021belului, este completat cu volane supradimensionate pe m\u00e2neci \u0219i tiv, f\u0103c\u00e2nd o alegere inspirat\u0103 pentru feti\u021ba ta.  \u021aes\u0103tur\u0103: tencel Instruc\u021biuni de \u00eengrijire: se spal\u0103 la 30 de grade","og_url":"https:\/\/lollylookids.com\/en\/product\/rochie-blue-bell\/","og_site_name":"Lollyloo Kids","article_modified_time":"2023-02-06T07:42:39+00:00","og_image":[{"width":1000,"height":1498,"url":"https:\/\/lollylookids.com\/wp-content\/uploads\/2023\/02\/30-01-2023-Aida-163.jpg","type":"image\/jpeg"}],"twitter_card":"summary_large_image","schema":{"@context":"https:\/\/schema.org","@graph":[{"@type":"WebPage","@id":"https:\/\/lollylookids.com\/produs\/rochie-blue-bell\/","url":"https:\/\/lollylookids.com\/produs\/rochie-blue-bell\/","name":"Rochie Blue Bell - Lollyloo Kids","isPartOf":{"@id":"https:\/\/lollylookids.com\/#website"},"datePublished":"2023-02-06T07:40:39+00:00","dateModified":"2023-02-06T07:42:39+00:00","breadcrumb":{"@id":"https:\/\/lollylookids.com\/produs\/rochie-blue-bell\/#breadcrumb"},"inLanguage":"en-GB","potentialAction":[{"@type":"ReadAction","target":["https:\/\/lollylookids.com\/produs\/rochie-blue-bell\/"]}]},{"@type":"BreadcrumbList","@id":"https:\/\/lollylookids.com\/produs\/rochie-blue-bell\/#breadcrumb","itemListElement":[{"@type":"ListItem","position":1,"name":"Prima pagin\u0103","item":"https:\/\/lollylookids.com\/"},{"@type":"ListItem","position":2,"name":"Colec\u021bii","item":"https:\/\/lollylookids.com\/magazin\/"},{"@type":"ListItem","position":3,"name":"Rochie Blue Bell"}]},{"@type":"WebSite","@id":"https:\/\/lollylookids.com\/#website","url":"https:\/\/lollylookids.com\/","name":"Lollyloo Kids","description":"Fashion","potentialAction":[{"@type":"SearchAction","target":{"@type":"EntryPoint","urlTemplate":"https:\/\/lollylookids.com\/?s={search_term_string}"},"query-input":"required name=search_term_string"}],"inLanguage":"en-GB"}]}},"_links":{"self":[{"href":"https:\/\/lollylookids.com\/en\/wp-json\/wp\/v2\/product\/991","targetHints":{"allow":["GET"]}}],"collection":[{"href":"https:\/\/lollylookids.com\/en\/wp-json\/wp\/v2\/product"}],"about":[{"href":"https:\/\/lollylookids.com\/en\/wp-json\/wp\/v2\/types\/product"}],"wp:featuredmedia":[{"embeddable":true,"href":"https:\/\/lollylookids.com\/en\/wp-json\/wp\/v2\/media\/998"}],"wp:attachment":[{"href":"https:\/\/lollylookids.com\/en\/wp-json\/wp\/v2\/media?parent=991"}],"wp:term":[{"taxonomy":"product_cat","embeddable":true,"href":"https:\/\/lollylookids.com\/en\/wp-json\/wp\/v2\/product_cat?post=991"},{"taxonomy":"product_tag","embeddable":true,"href":"https:\/\/lollylookids.com\/en\/wp-json\/wp\/v2\/product_tag?post=991"}],"curies":[{"name":"wp","href":"https:\/\/api.w.org\/{rel}","templated":true}]}}